{"id":7761,"date":"2024-12-18T09:40:23","date_gmt":"2024-12-18T09:40:23","guid":{"rendered":"https:\/\/montessorischoolalmeria.es\/?page_id=7761"},"modified":"2024-12-18T11:19:50","modified_gmt":"2024-12-18T11:19:50","slug":"politica-de-privacidad","status":"publish","type":"page","link":"https:\/\/montessorischoolalmeria.es\/es\/politica-de-privacidad\/","title":{"rendered":"Pol\u00edtica de privacidad"},"content":{"rendered":"<p align=\"justify\"><span style=\"color: #000000;\"><span style=\"font-family: Helvetica, serif;\"><span style=\"font-size: medium;\">La presente Pol\u00edtica de Privacidad regula el uso del servicio del portal de Internet con direcci\u00f3n www.montessorischoolalmeria.es, cuyo responsable a efectos identificativos es: <\/span><\/span><\/span><\/p>\n<p align=\"justify\"><span style=\"color: #000000;\">\u2022<span style=\"font-family: TimesNewRomanPSMT, serif;\"><span style=\"font-size: medium;\"> RESPONSABLE: <\/span><\/span><\/span><span style=\"color: #000000;\"><span style=\"font-family: Helvetica, serif;\"><span style=\"font-size: medium;\"><strong>MONTESSORI SCHOOL ALMERIA SLU<\/strong>\u2006 \u2006 <\/span><\/span><\/span><\/p>\n<p align=\"justify\"><span style=\"color: #000000;\">\u2022<span style=\"font-family: TimesNewRomanPSMT, serif;\"><span style=\"font-size: medium;\"> NIF:<strong> B56411762<\/strong><\/span><\/span><\/span><\/p>\n<p align=\"justify\"><span style=\"color: #000000;\">\u2022<span style=\"font-family: TimesNewRomanPSMT, serif;\"><span style=\"font-size: medium;\"> Direcci\u00f3n:<strong> Camino Goleta 155 A2, 7D 04007 (Almer\u00eda).<\/strong><\/span><\/span><\/span><\/p>\n<p align=\"justify\"><span style=\"color: #000000;\">\u2022<span style=\"font-family: TimesNewRomanPSMT, serif;\"><span style=\"font-size: medium;\"> Tel\u00e9fono: <strong>679 90 47 37\/ 652 936 461 \/ 950 532 817<\/strong><\/span><\/span><\/span><\/p>\n<p align=\"justify\"><span style=\"color: #000000;\">\u2022<span style=\"font-family: TimesNewRomanPSMT, serif;\"><span style=\"font-size: medium;\"> Mail: <strong>montessorischoolalmeria@gmail.com<\/strong><\/span><\/span><\/span><\/p>\n<h2 align=\"justify\"><span style=\"font-family: Helvetica-Bold, serif;\"><span style=\"font-size: large;\"><b>Finalidad, \u00bfPara qu\u00e9 tratamos sus datos?<\/b><\/span><\/span><\/h2>\n<p align=\"justify\"><span style=\"color: #000000;\"><span style=\"font-family: Helvetica, serif;\"><span style=\"font-size: medium;\">A efecto de lo previsto en RGPD de 27 de abril de 2016<\/span><\/span><\/span><span style=\"color: #000000;\"><span style=\"font-family: TimesNewRomanPSMT, serif;\"><span style=\"font-size: medium;\">,<\/span><\/span><\/span><span style=\"color: #000000;\"><span style=\"font-family: Helvetica, serif;\"><span style=\"font-size: medium;\"> y la LO 3\/2018, trataremos los datos que recojamos para las siguientes finalidades:<\/span><\/span><\/span><\/p>\n<p align=\"justify\"><span style=\"color: #000000;\">\u2022 <\/span><span style=\"color: #000000;\"><span style=\"font-family: Helvetica, serif;\"><span style=\"font-size: medium;\">Contactar con usted en caso de que as\u00ed nos lo pida.<\/span><\/span><\/span><\/p>\n<p align=\"justify\"><span style=\"color: #000000;\">\u2022 <\/span><span style=\"color: #000000;\"><span style=\"font-family: Helvetica, serif;\"><span style=\"font-size: medium;\">Gestionar su navegaci\u00f3n en la web, en su caso<\/span><\/span><\/span><span style=\"color: #000000;\"><span style=\"font-family: TimesNewRomanPSMT, serif;\"><span style=\"font-size: medium;\">.<\/span><\/span><\/span><\/p>\n<p align=\"justify\"><span style=\"color: #000000;\">\u2022 <\/span><span style=\"color: #000000;\"><span style=\"font-family: Helvetica, serif;\"><span style=\"font-size: medium;\">Remitirle comunicaciones comerciales acerca de nuestros productos y servicios.<\/span><\/span><\/span><\/p>\n<p align=\"justify\"><span style=\"color: #000000;\">\u2022 <\/span><span style=\"color: #000000;\"><span style=\"font-family: Helvetica, serif;\"><span style=\"font-size: medium;\">Gestionar el \u2018parents area\u2019 a trav\u00e9s de un correo electr\u00f3nico a modo de usuario y una clave de acceso<\/span><\/span><\/span><span style=\"color: #000000;\"><span style=\"font-family: TimesNewRomanPSMT, serif;\"><span style=\"font-size: medium;\">.<\/span><\/span><\/span><\/p>\n<p align=\"justify\"><span style=\"color: #000000;\"><span style=\"font-family: Helvetica, serif;\"><span style=\"font-size: medium;\">Para ello el usuario dispondr\u00e1 de un formulario de registro cuya cumplimentaci\u00f3n legitimar\u00e1 al interesado al acceso y disfrute de determinados servicios ofrecidos en la web.<\/span><\/span><\/span><\/p>\n<p align=\"justify\"><span style=\"color: #000000;\"><span style=\"font-family: Helvetica, serif;\"><span style=\"font-size: medium;\">No obstante, se informa al usuario que en todo formulario de contacto el mismo ser\u00e1 informado del uso que se har\u00e1 de los datos obtenidos y, si son utilizados para un fin distinto, dicho consentimiento se obtendr\u00e1 previamente y de manera expresa.<\/span><\/span><\/span><\/p>\n<p align=\"justify\"><span style=\"color: #000000;\"><span style=\"font-family: Helvetica, serif;\"><span style=\"font-size: medium;\">Si el consentimiento del interesado se da en el contexto de una declaraci\u00f3n escrita que tambi\u00e9n se refiera a otros asuntos, la solicitud de consentimiento se presentar\u00e1 de tal forma que se distinga claramente de los dem\u00e1s asuntos, de forma inteligible y de f\u00e1cil acceso y utilizando un lenguaje claro y sencillo, de conformidad con el art\u00edculo 7.2 del RGPD de 27 de abril de 2016.<\/span><\/span><\/span><\/p>\n<h2 align=\"justify\"><span style=\"font-family: Helvetica-Bold, serif;\"><span style=\"font-size: large;\"><b>Legitimaci\u00f3n, \u00bfCu\u00e1l es la legitimaci\u00f3n para el tratamiento de sus datos?<\/b><\/span><\/span><\/h2>\n<p align=\"justify\"><span style=\"color: #000000;\"><span style=\"font-family: Helvetica, serif;\"><span style=\"font-size: medium;\">La base legal para el tratamiento de sus datos se basar\u00e1 en:<\/span><\/span><\/span><\/p>\n<ul>\n<li>\n<p align=\"justify\"><span style=\"color: #000000;\">\u2022 <\/span><span style=\"color: #000000;\"><span style=\"font-family: Helvetica, serif;\"><span style=\"font-size: medium;\">El consentimiento del interesado, para el tratamiento de sus datos, conforme el art\u00edculo 6. 1. a) del Reglamento General Europeo de Protecci\u00f3n de Datos.<\/span><\/span><\/span><\/p>\n<\/li>\n<\/ul>\n<ul>\n<li>\n<p align=\"justify\"><span style=\"color: #000000;\">\u2022 <\/span><span style=\"color: #000000;\"><span style=\"font-family: Helvetica, serif;\"><span style=\"font-size: medium;\">La necesaria ejecuci\u00f3n de un contrato en el que el interesado es parte o para la aplicaci\u00f3n a petici\u00f3n de este de medidas precontractuales, conforme el art\u00edculo 6. 1. b) del Reglamento General Europeo de Protecci\u00f3n de Datos.<\/span><\/span><\/span><\/p>\n<\/li>\n<\/ul>\n<h2 align=\"justify\"><span style=\"font-family: Helvetica-Bold, serif;\"><span style=\"font-size: large;\"><b>Destinatarios \u00bfA qui\u00e9n comunicamos tus datos?<\/b><\/span><\/span><\/h2>\n<p align=\"justify\"><span style=\"color: #000000;\"><span style=\"font-family: TimesNewRomanPSMT, serif;\"><span style=\"font-size: medium;\">Los datos personales no ser\u00e1n objeto de cesi\u00f3n salvo en el cumplimiento de obligaciones legalmente establecidas o para dar soporte a los servicios vinculados a este tratamiento.<\/span><\/span><\/span><\/p>\n<h2 align=\"justify\"><span style=\"font-family: Helvetica-Bold, serif;\"><span style=\"font-size: large;\"><b>Conservaci\u00f3n, \u00bfDurante cu\u00e1nto tiempo conservamos tus datos?<\/b><\/span><\/span><\/h2>\n<p align=\"justify\"><span style=\"color: #000000;\"><span style=\"font-family: Helvetica, serif;\"><span style=\"font-size: medium;\">Conservaremos sus datos de car\u00e1cter personal durante al menos 5 a\u00f1os en caso de que sea cliente y para el estricto cumplimiento de las obligaciones legales establecidas en la normativa.<\/span><\/span><\/span><\/p>\n<p align=\"justify\"><span style=\"color: #000000;\"><span style=\"font-family: Helvetica, serif;\"><span style=\"font-size: medium;\">En caso de no ser cliente conservaremos sus datos el m\u00ednimo tiempo indispensable para gestionar nuestra relaci\u00f3n.<\/span><\/span><\/span><\/p>\n<h2 align=\"justify\"><strong><span style=\"font-family: Helvetica-Bold, serif;\"><span style=\"font-size: large;\">Derechos, \u00bfCu\u00e1les son tus derechos cuando nos facilitas tus datos?<\/span><\/span><\/strong><\/h2>\n<p align=\"justify\"><span style=\"color: #000000;\"><span style=\"font-family: Helvetica, serif;\"><span style=\"font-size: medium;\">Cualquier persona tiene derecho a obtener confirmaci\u00f3n sobre si se est\u00e1n tratando datos personales que le conciernan.<\/span><\/span><\/span><\/p>\n<p align=\"justify\"><span style=\"color: #000000;\"><span style=\"font-family: Helvetica, serif;\"><span style=\"font-size: medium;\">Las personas interesadas tienen derecho a poder acceder a sus datos personales, as\u00ed como a solicitar la rectificaci\u00f3n de los datos inexactos o, en su caso, solicitar su supresi\u00f3n cuando, entre otros motivos, los datos ya no sean necesarios para los fines que fueron recogidos.<\/span><\/span><\/span><\/p>\n<p align=\"justify\"><span style=\"color: #000000;\"><span style=\"font-family: Helvetica, serif;\"><span style=\"font-size: medium;\">En determinadas circunstancias, las personas interesadas podr\u00e1n solicitar la limitaci\u00f3n del tratamiento de sus datos, en cuyo caso \u00fanicamente los conservaremos para el ejercicio o la defensa de reclamaciones.<\/span><\/span><\/span><\/p>\n<p align=\"justify\"><span style=\"color: #000000;\"><span style=\"font-family: Helvetica, serif;\"><span style=\"font-size: medium;\">En determinadas circunstancias y por motivos relacionados con su situaci\u00f3n particular, las personas interesadas podr\u00e1n oponerse al tratamiento de sus datos. En tal caso, dejar\u00e1n de tratarse los datos, salvo por motivos leg\u00edtimos o el ejercicio o la defensa de posibles reclamaciones.<\/span><\/span><\/span><\/p>\n<p align=\"justify\"><span style=\"color: #000000;\"><span style=\"font-family: Helvetica, serif;\"><span style=\"font-size: medium;\">Las personas interesadas podr\u00e1n solicitar la portabilidad de los datos para obtener los datos que han proporcionado en un formato estructurado, de uso com\u00fan y de lectura mec\u00e1nica, para ser descargados por s\u00ed mismos o transmitidos a otra entidad.<\/span><\/span><\/span><\/p>\n<p align=\"justify\"><span style=\"color: #000000;\"><span style=\"font-family: Helvetica, serif;\"><span style=\"font-size: medium;\">La persona interesada puede ejercitar sus derechos dirigiendo un correo electr\u00f3nico a la direcci\u00f3n de correo electr\u00f3nico <\/span><\/span><\/span><span style=\"color: #000000;\"><span style=\"font-family: TimesNewRomanPSMT, serif;\"><span style=\"font-size: medium;\">montessorischoolalmeria@gmail.com<\/span><\/span><\/span><span style=\"color: #000000;\"><span style=\"font-family: Helvetica, serif;\"><span style=\"font-size: medium;\">, o en su caso a la direcci\u00f3n f\u00edsica <\/span><\/span><\/span><span style=\"color: #000000;\"><span style=\"font-family: TimesNewRomanPSMT, serif;\"><span style=\"font-size: medium;\">Avda. Nueva Almer\u00eda, 27, 04007 (Almer\u00eda).<\/span><\/span><\/span><\/p>\n<h2 align=\"justify\"><span style=\"font-family: Helvetica-Bold, serif;\"><span style=\"font-size: large;\"><b>Consentimiento menores, \u00bfQu\u00e9 pasa si eres menor de edad?<\/b><\/span><\/span><\/h2>\n<p align=\"justify\"><span style=\"color: #000000;\"><span style=\"font-family: TimesNewRomanPSMT, serif;\"><span style=\"font-size: medium;\">En el supuesto que algunos de nuestros servicios vayan dirigidos espec\u00edficamente a menores de catorce a\u00f1os, solicitaremos la conformidad de los padres o tutores para la recogida de los datos personales o, en su caso, para el tratamiento automatizado de los datos conforme el art\u00edculo 7 de la LOPDGDD.<\/span><\/span><\/span><\/p>\n<h2 align=\"justify\"><span style=\"font-family: Helvetica-Bold, serif;\"><span style=\"font-size: large;\"><b>Exactitud, veracidad y seguridad de los datos, \u00bfC\u00f3mo tratamos tus datos?<\/b><\/span><\/span><\/h2>\n<p align=\"justify\"><span style=\"color: #000000;\"><span style=\"font-family: Helvetica, serif;\"><span style=\"font-size: medium;\">El Usuario es el \u00fanico responsable de la veracidad y correcci\u00f3n de los datos incluidos, exoner\u00e1ndonos de cualquier responsabilidad al respecto. Los usuarios garantizan y responden, en cualquier caso, de la exactitud, vigencia y autenticidad de los datos personales facilitados, y se comprometen a mantenerlos debidamente actualizados. El usuario acepta proporcionar informaci\u00f3n completa y correcta en los formularios de registro o suscripci\u00f3n. No responderemos de la veracidad de las informaciones que no sean de elaboraci\u00f3n propia y de las que se indique otra fuente, por lo que tampoco asume responsabilidad alguna en cuanto a hipot\u00e9ticos perjuicios que pudieran originarse por el uso de dicha informaci\u00f3n.<\/span><\/span><\/span><\/p>\n<p align=\"justify\"><span style=\"color: #000000;\"><span style=\"font-family: Helvetica, serif;\"><span style=\"font-size: medium;\">Tambi\u00e9n reservaremos el derecho a actualizar, modificar o eliminar la informaci\u00f3n contenida en la web pudiendo incluso limitar o no permitir el acceso a dicha informaci\u00f3n. <\/span><\/span><\/span><\/p>\n<p align=\"justify\"><span style=\"color: #000000;\"><span style=\"font-family: Helvetica, serif;\"><span style=\"font-size: medium;\">No seremos responsables ante cualquier da\u00f1o o perjuicio que pudiera sufrir el Usuario como consecuencia de errores, defectos u omisiones, en la informaci\u00f3n facilitada por el responsable siempre que proceda de fuentes ajenas.<\/span><\/span><\/span><\/p>\n<p align=\"justify\"><span style=\"color: #000000;\"><span style=\"font-family: Helvetica, serif;\"><span style=\"font-size: medium;\">Los datos ser\u00e1n tratados de forma confidencial y bajo el sometimiento a medidas t\u00e9cnicas y organizativas de seguridad adecuadas para evitar su alteraci\u00f3n, p\u00e9rdida, tratamiento o acceso no autorizado.<\/span><\/span><\/span><\/p>\n<p align=\"justify\"><span style=\"color: #000000;\"><span style=\"font-family: Helvetica, serif;\"><span style=\"font-size: medium;\">Podr\u00e1 presentar una reclamaci\u00f3n ante la Agencia Espa\u00f1ola de Protecci\u00f3n de Datos, especialmente cuando no haya obtenido satisfacci\u00f3n en el ejercicio de sus derechos, en la direcci\u00f3n postal y\/o electr\u00f3nica indicada en la p\u00e1gina www.aepd.es.<\/span><\/span><\/span><\/p>\n","protected":false},"excerpt":{"rendered":"<p>La presente Pol\u00edtica de Privacidad regula el uso del servicio del portal de Internet con direcci\u00f3n www.montessorischoolalmeria.es, cuyo responsable a efectos identificativos es: \u2022 RESPONSABLE: MONTESSORI SCHOOL ALMERIA SLU\u2006 \u2006 \u2022 NIF: B56411762 \u2022 Direcci\u00f3n: Camino Goleta 155 A2, 7D 04007 (Almer\u00eda). \u2022 Tel\u00e9fono: 679 90 47 37\/ 652 936 461 \/ 950 532 817 [&hellip;]<\/p>\n","protected":false},"author":1,"featured_media":0,"parent":0,"menu_order":0,"comment_status":"closed","ping_status":"open","template":"","meta":{"footnotes":""},"class_list":["post-7761","page","type-page","status-publish","hentry"],"_links":{"self":[{"href":"https:\/\/montessorischoolalmeria.es\/es\/wp-json\/wp\/v2\/pages\/7761","targetHints":{"allow":["GET"]}}],"collection":[{"href":"https:\/\/montessorischoolalmeria.es\/es\/wp-json\/wp\/v2\/pages"}],"about":[{"href":"https:\/\/montessorischoolalmeria.es\/es\/wp-json\/wp\/v2\/types\/page"}],"author":[{"embeddable":true,"href":"https:\/\/montessorischoolalmeria.es\/es\/wp-json\/wp\/v2\/users\/1"}],"replies":[{"embeddable":true,"href":"https:\/\/montessorischoolalmeria.es\/es\/wp-json\/wp\/v2\/comments?post=7761"}],"version-history":[{"count":5,"href":"https:\/\/montessorischoolalmeria.es\/es\/wp-json\/wp\/v2\/pages\/7761\/revisions"}],"predecessor-version":[{"id":7769,"href":"https:\/\/montessorischoolalmeria.es\/es\/wp-json\/wp\/v2\/pages\/7761\/revisions\/7769"}],"wp:attachment":[{"href":"https:\/\/montessorischoolalmeria.es\/es\/wp-json\/wp\/v2\/media?parent=7761"}],"curies":[{"name":"wp","href":"https:\/\/api.w.org\/{rel}","templated":true}]}}