{"id":7763,"date":"2024-12-18T09:41:17","date_gmt":"2024-12-18T09:41:17","guid":{"rendered":"https:\/\/montessorischoolalmeria.es\/?page_id=7763"},"modified":"2024-12-18T11:23:53","modified_gmt":"2024-12-18T11:23:53","slug":"aviso-legal","status":"publish","type":"page","link":"https:\/\/montessorischoolalmeria.es\/es\/aviso-legal\/","title":{"rendered":"Aviso legal"},"content":{"rendered":"<p align=\"justify\"><span style=\"color: #000000;\"><span style=\"font-family: Helvetica, serif;\"><span style=\"font-size: medium;\">El presente aviso legal regula el uso del servicio del portal de Internet con direcci\u00f3n www.montessorischoolalmeria.es, cuyo responsable a efectos identificativos es: <\/span><\/span><\/span><\/p>\n<p align=\"justify\">\u2022 RESPONSABLE: <strong>MONTESSORI SCHOOL ALMERIA SLU<\/strong><\/p>\n<p align=\"justify\">\u2022 NIF:<strong> B56411762<\/strong><\/p>\n<p align=\"justify\">\u2022 Direcci\u00f3n:<strong> Camino Goleta 155 A2, 7D 04007 (Almer\u00eda).<\/strong><\/p>\n<p align=\"justify\">\u2022 Tel\u00e9fono: <strong>679 90 47 37\/ 652 936 461 \/ 950 532 817<\/strong><\/p>\n<p align=\"justify\">\u2022 Mail: <strong>montessorischoolalmeria@gmail.com<\/strong><\/p>\n<h2 align=\"justify\"><strong><span style=\"font-family: Helvetica-Bold, serif;\"><span style=\"font-size: large;\">Legislaci\u00f3n<\/span><\/span><\/strong><\/h2>\n<p align=\"justify\"><span style=\"color: #000000;\"><span style=\"font-family: Helvetica, serif;\"><span style=\"font-size: medium;\">Con car\u00e1cter general las relaciones entre MONTESSORI SCHOOL ALMERIA SLU\u2006 \u2006 con los Usuarios de sus servicios telem\u00e1ticos, presentes en la web, se encuentran sometidas a la legislaci\u00f3n y jurisdicci\u00f3n espa\u00f1olas.<\/span><\/span><\/span><\/p>\n<p align=\"justify\"><span style=\"color: #000000;\"><span style=\"font-family: Helvetica, serif;\"><span style=\"font-size: medium;\">Las partes renuncian expresamente al fuero que les pudiera corresponder y someten expresamente a los Juzgados y Tribunales de Almer\u00eda para resolver cualquier controversia que pueda surgir en la interpretaci\u00f3n o ejecuci\u00f3n de las presentes condiciones contractuales.<\/span><\/span><\/span><\/p>\n<h2 align=\"justify\"><strong><span style=\"font-family: Helvetica-Bold, serif;\"><span style=\"font-size: large;\">Contenido y uso<\/span><\/span><\/strong><\/h2>\n<p align=\"justify\"><span style=\"color: #000000;\"><span style=\"font-family: Helvetica, serif;\"><span style=\"font-size: medium;\">El Usuario queda informado, y acepta, que el acceso a la presente web no supone, en modo alguno, el inicio de una relaci\u00f3n comercial con <\/span><\/span><\/span><span style=\"color: #000000;\"><span style=\"font-family: TimesNewRomanPSMT, serif;\"><span style=\"font-size: medium;\">MONTESSORI SCHOOL ALMERIA SLU <\/span><\/span><\/span><\/p>\n<p align=\"justify\"><span style=\"color: #000000;\"><span style=\"font-family: Helvetica, serif;\"><span style=\"font-size: medium;\">El titular del web no se identifica con las opiniones vertidas en el mismo por sus colaboradores. La Empresa se reserva el derecho de efectuar sin previo aviso las modificaciones que considere oportunas en su Web, pudiendo cambiar, suprimir o a\u00f1adir tanto los contenidos y servicios que se presten a trav\u00e9s de la misma como la forma en la que \u00e9stos aparezcan presentados o localizados en sus servidores.<\/span><\/span><\/span><\/p>\n<h2 align=\"justify\"><strong><span style=\"font-family: Helvetica-Bold, serif;\"><span style=\"font-size: large;\">Propiedad intelectual e industrial<\/span><\/span><\/strong><\/h2>\n<p align=\"justify\"><span style=\"color: #000000;\"><span style=\"font-family: Helvetica, serif;\"><span style=\"font-size: medium;\">Los derechos de propiedad intelectual del contenido de las p\u00e1ginas web, su dise\u00f1o gr\u00e1fico y c\u00f3digos son titularidad de <\/span><\/span><\/span><span style=\"color: #000000;\"><span style=\"font-family: TimesNewRomanPSMT, serif;\"><span style=\"font-size: medium;\">MONTESSORI SCHOOL ALMERIA SLU <\/span><\/span><\/span><span style=\"color: #000000;\"><span style=\"font-family: Helvetica, serif;\"><span style=\"font-size: medium;\"> y, por tanto, queda prohibida su reproducci\u00f3n, distribuci\u00f3n, comunicaci\u00f3n p\u00fablica, transformaci\u00f3n o cualquier otra actividad que se pueda realizar con los contenidos de sus p\u00e1ginas web ni aun citando las fuentes, salvo consentimiento por escrito de <\/span><\/span><\/span><span style=\"color: #000000;\"><span style=\"font-family: TimesNewRomanPSMT, serif;\"><span style=\"font-size: medium;\">MONTESSORI SCHOOL ALMERIA SLU <\/span><\/span><\/span><span style=\"color: #000000;\"><span style=\"font-family: Helvetica, serif;\"><span style=\"font-size: medium;\"> Todos los nombres comerciales, marcas o signos distintos de cualquier clase contenidos en las p\u00e1ginas web de la Empresa son propiedad de sus due\u00f1os y est\u00e1n protegidos por ley.<\/span><\/span><\/span><\/p>\n<h2 align=\"justify\"><strong><span style=\"font-family: Helvetica-Bold, serif;\"><span style=\"font-size: large;\">Enlaces (Links)<\/span><\/span><\/strong><\/h2>\n<p align=\"justify\"><span style=\"color: #000000;\"><span style=\"font-family: Helvetica, serif;\"><span style=\"font-size: medium;\">La presencia de enlaces (links) en las p\u00e1ginas web de <\/span><\/span><\/span><span style=\"color: #000000;\"><span style=\"font-family: TimesNewRomanPSMT, serif;\"><span style=\"font-size: medium;\">MONTESSORI SCHOOL ALMERIA SLU <\/span><\/span><\/span><span style=\"color: #000000;\"><span style=\"font-family: Helvetica, serif;\"><span style=\"font-size: medium;\"> tiene finalidad meramente informativa y en ning\u00fan caso supone sugerencia, invitaci\u00f3n o recomendaci\u00f3n sobre los mismos.<\/span><\/span><\/span><\/p>\n","protected":false},"excerpt":{"rendered":"<p>El presente aviso legal regula el uso del servicio del portal de Internet con direcci\u00f3n www.montessorischoolalmeria.es, cuyo responsable a efectos identificativos es: \u2022 RESPONSABLE: MONTESSORI SCHOOL ALMERIA SLU \u2022 NIF: B56411762 \u2022 Direcci\u00f3n: Camino Goleta 155 A2, 7D 04007 (Almer\u00eda). \u2022 Tel\u00e9fono: 679 90 47 37\/ 652 936 461 \/ 950 532 817 \u2022 Mail: [&hellip;]<\/p>\n","protected":false},"author":1,"featured_media":0,"parent":0,"menu_order":0,"comment_status":"closed","ping_status":"closed","template":"","meta":{"footnotes":""},"class_list":["post-7763","page","type-page","status-publish","hentry"],"_links":{"self":[{"href":"https:\/\/montessorischoolalmeria.es\/es\/wp-json\/wp\/v2\/pages\/7763","targetHints":{"allow":["GET"]}}],"collection":[{"href":"https:\/\/montessorischoolalmeria.es\/es\/wp-json\/wp\/v2\/pages"}],"about":[{"href":"https:\/\/montessorischoolalmeria.es\/es\/wp-json\/wp\/v2\/types\/page"}],"author":[{"embeddable":true,"href":"https:\/\/montessorischoolalmeria.es\/es\/wp-json\/wp\/v2\/users\/1"}],"replies":[{"embeddable":true,"href":"https:\/\/montessorischoolalmeria.es\/es\/wp-json\/wp\/v2\/comments?post=7763"}],"version-history":[{"count":4,"href":"https:\/\/montessorischoolalmeria.es\/es\/wp-json\/wp\/v2\/pages\/7763\/revisions"}],"predecessor-version":[{"id":7770,"href":"https:\/\/montessorischoolalmeria.es\/es\/wp-json\/wp\/v2\/pages\/7763\/revisions\/7770"}],"wp:attachment":[{"href":"https:\/\/montessorischoolalmeria.es\/es\/wp-json\/wp\/v2\/media?parent=7763"}],"curies":[{"name":"wp","href":"https:\/\/api.w.org\/{rel}","templated":true}]}}