{"id":3945,"date":"2021-05-05T08:23:53","date_gmt":"2021-05-05T08:23:53","guid":{"rendered":"https:\/\/montessori.iobmarketing.com\/producto\/parents-elementary\/"},"modified":"2021-07-30T08:20:19","modified_gmt":"2021-07-30T08:20:19","slug":"parents-elementary","status":"publish","type":"product","link":"https:\/\/montessorischoolalmeria.es\/es\/producto\/parents-elementary\/","title":{"rendered":"Padres de primaria"},"content":{"rendered":"<div class=\"\">EL ENFOQUE DE MONTESSORI PARA PADRES:\u00a0<b class=\"\">Curso para Padres Primaria\u00a0<\/b><\/div>\n<div class=\"\"><\/div>\n<div class=\"\">1. Ayuda a tus hijos a alcanzar su m\u00e1ximo potencial.<\/div>\n<div class=\"\">2. Simplifique su vida como padre.<\/div>\n<div class=\"\">3. Aprenda a comprender y anticipar las necesidades de desarrollo de su hijo.<\/div>\n<div class=\"\">4. Una oportunidad para crecer con tu hijo\/a y para poder crear en casa un ambiente respetado.<\/div>\n<div class=\"\"><\/div>\n<div class=\"\"><\/div>\n<div class=\"\">Montessori School Almer\u00eda considera a la comunidad de padres como una parte importante de la educaci\u00f3n de su hijo. Llevar las pr\u00e1cticas Montessori a su hogar es simple. Al asociarse con profesionales Montessori, entrenadores de padres y expertos en desarrollo infantil, Montessori School Almer\u00eda presenta un gran programa de orientaci\u00f3n para los padres que buscan soluciones a los desaf\u00edos cotidianos.El Grupo de Estudio para Padres tiene como objetivo ayudar a los padres a comprender los principios esenciales y la pr\u00e1ctica del trabajo de la Dra. Maria Montessori a trav\u00e9s de un proceso de lectura y discusi\u00f3n de textos clave. Es una oportunidad maravillosa para conocer e interactuar con otros padres y aprender m\u00e1s sobre el mundo Montessori. Este curso ofrece las herramientas necesarias para contribuir a la autonom\u00eda f\u00edsica, intelectual y moral de ni\u00f1os\/as para la etapa.<\/div>\n<div class=\"\"><\/div>\n<div class=\"\">Ponentes:<\/div>\n<div class=\"\"><i class=\"\">Mar Aguirre Palacio\u00a0<\/i><\/div>\n<div class=\"\">Gu\u00eda AMI 0-6 por el Instituto Montessori de Londres. Profesora de Primaria, maestra de infantil y primaria titulada. QTS. Gu\u00eda y Asistente Montessori de Casa de Ni\u00f1os y Primaria. 10 A\u00f1os de experiencia como profesora en Inglaterra y Estados Unidos.<\/div>\n<div class=\"\"><i class=\"\">Macarena Aznar Jim\u00e9nez\u00a0<\/i><\/div>\n<div class=\"\">Gerente y Fundadora de Montessori School Almer\u00eda. Gu\u00eda AMI 0-6 por el Instituto Montessori de M\u00e9xico. Madre de dos ni\u00f1os Montessori. Licenciada en Ciencias de la Actividad F\u00edsica y el Deporte. Profesora de Yoga, Danza y Deporte. Doula con experiencia. Facilitadora de Disciplina Positiva. Gestalt en la Infancia y en la Adolescencia. Feliz de poder hacer realidad una educaci\u00f3n Montessori para su comunidad. Cuida de que a su alrededor todos est\u00e9n bien y felices y que el colegio cumpla su misi\u00f3n principal de \u201cGrowing Place\u201d, un lugar de crecimiento para toda la familia.<\/div>\n","protected":false},"excerpt":{"rendered":"<p>EL ENFOQUE DE MONTESSORI PARA PADRES:\u00a0Curso para Padres Primaria\u00a0 1. Ayuda a tus hijos a alcanzar su m\u00e1ximo potencial. 2. Simplifique su vida como padre. 3. Aprenda a comprender y anticipar las necesidades de desarrollo de su hijo. 4. Una oportunidad para crecer con tu hijo\/a y para poder crear en casa un ambiente respetado. [&hellip;]<\/p>\n","protected":false},"featured_media":3946,"comment_status":"open","ping_status":"closed","template":"","meta":[],"product_cat":[38],"product_tag":[],"class_list":["post-3945","product","type-product","status-publish","has-post-thumbnail","hentry","product_cat-cursos-para-padres-es"],"_links":{"self":[{"href":"https:\/\/montessorischoolalmeria.es\/es\/wp-json\/wp\/v3\/product\/3945","targetHints":{"allow":["GET"]}}],"collection":[{"href":"https:\/\/montessorischoolalmeria.es\/es\/wp-json\/wp\/v3\/product"}],"about":[{"href":"https:\/\/montessorischoolalmeria.es\/es\/wp-json\/wp\/v2\/types\/product"}],"replies":[{"embeddable":true,"href":"https:\/\/montessorischoolalmeria.es\/es\/wp-json\/wp\/v2\/comments?post=3945"}],"wp:featuredmedia":[{"embeddable":true,"href":"https:\/\/montessorischoolalmeria.es\/es\/wp-json\/wp\/v2\/media\/3946"}],"wp:attachment":[{"href":"https:\/\/montessorischoolalmeria.es\/es\/wp-json\/wp\/v2\/media?parent=3945"}],"wp:term":[{"taxonomy":"product_cat","embeddable":true,"href":"https:\/\/montessorischoolalmeria.es\/es\/wp-json\/wp\/v2\/product_cat?post=3945"},{"taxonomy":"product_tag","embeddable":true,"href":"https:\/\/montessorischoolalmeria.es\/es\/wp-json\/wp\/v2\/product_tag?post=3945"}],"curies":[{"name":"wp","href":"https:\/\/api.w.org\/{rel}","templated":true}]}}