{"id":3954,"date":"2021-05-05T08:03:30","date_gmt":"2021-05-05T08:03:30","guid":{"rendered":"https:\/\/montessori.iobmarketing.com\/producto\/parents-to-be-curso-padres\/"},"modified":"2021-07-30T09:53:20","modified_gmt":"2021-07-30T09:53:20","slug":"parents-to-be-curso-padres","status":"publish","type":"product","link":"https:\/\/montessorischoolalmeria.es\/es\/producto\/parents-to-be-curso-padres\/","title":{"rendered":"Futuros padres: curso de padres"},"content":{"rendered":"<blockquote class=\"\">\n<div class=\"\">\n<div class=\"\">\n<div class=\"\">\n<div class=\"\">\n<div class=\"\">\n<div class=\"\"><b class=\"\"><span class=\"\" style=\"color: #000000;\">EL ENFOQUE DE MONTESSORI PARA PADRES: Parents to be\u00a0<\/span><\/b><\/div>\n<\/div>\n<\/div>\n<\/div>\n<\/div>\n<\/div>\n<\/blockquote>\n<div class=\"page\" title=\"Page 3\">\n<div class=\"section\">\n<div class=\"layoutArea\">\n<div class=\"column\">\n<div class=\"page\" title=\"Page 3\">\n<div class=\"section\">\n<div class=\"layoutArea\">\n<div class=\"column\">\n<p class=\"\"><span class=\"\" style=\"font-family: Arial;\">Es un espacio de encuentro y reflexi\u00f3n de padres y madres en el que reflexionar acerca del proceso de la maternidad. Es una oportunidad de crecimiento desde al etapa gestacional que permitir\u00e1 crear una base profunda a los padres para acompa\u00f1ar a sus hijos.<\/span><\/p>\n<\/div>\n<\/div>\n<\/div>\n<\/div>\n<blockquote class=\"\">\n<div class=\"\">\n<div class=\"\">\n<div class=\"\">\n<div class=\"\"><span class=\"\" style=\"color: #000000; font-family: Arial;\">Una oportunidad para crecer con tu hijo\/a, un ambiente respetado en el que conocer a tu hijo\/a&#8230;<span class=\"\">.<\/span><\/span><\/div>\n<div class=\"\"><span class=\"\" style=\"color: #000000; font-family: Arial;\">\u00a0<\/span><\/div>\n<div class=\"\"><span class=\"\" style=\"color: #000000; font-family: Arial;\">\u00a0<\/span><\/div>\n<div class=\"\"><span class=\"\" style=\"color: #000000; font-family: Arial;\">Montessori School Almer\u00eda considera a la comunidad de padres como una parte importante de la educaci\u00f3n de su hijo. Llevar las pr\u00e1cticas Montessori a su hogar es simple. Al asociarse con profesionales Montessori, entrenadores de padres y expertos en desarrollo infantil, Montessori School Almer\u00eda presenta un gran programa de orientaci\u00f3n para los padres que buscan soluciones a los desaf\u00edos cotidianos.El Grupo de Estudio para Padres tiene como objetivo ayudar a los padres a comprender los principios esenciales y la pr\u00e1ctica del trabajo de la Dra. Maria Montessori a trav\u00e9s de un proceso de lectura y discusi\u00f3n de textos clave. Es una oportunidad maravillosa para conocer<\/span><span class=\"\" style=\"color: #000000; font-family: Arial;\"> e interactuar con otros padres y aprender m\u00e1s sobre el mundo Montessori. Este curso ofrece las herramientas necesarias para contribuir a la autonom\u00eda f\u00edsica, intelectual y moral de ni\u00f1os\/as para la etapa.\u00a0<\/span><\/div>\n<div class=\"\"><span class=\"\" style=\"color: #000000; font-family: Arial;\">\u00a0<\/span><\/div>\n<div class=\"\"><span class=\"\" style=\"color: #000000; font-family: Arial;\">Ponentes:\u00a0<\/span><\/div>\n<div class=\"\"><span class=\"\" style=\"color: #000000;\">\u00a0<\/span><\/div>\n<div class=\"\"><i class=\"\"><span class=\"\" style=\"color: #000000;\">Macarena Aznar Jim\u00e9nez\u00a0<\/span><\/i><\/div>\n<div class=\"\"><span class=\"\" style=\"color: #000000;\">Gerente y Fundadora de Montessori School Almer\u00eda. Gu\u00eda AMI 0-6 por el Instituto Montessori de M\u00e9xico. Madre de dos ni\u00f1os Montessori. Licenciada en Ciencias de la Actividad F\u00edsica y el Deporte. Profesora de Yoga, Danza y Deporte. Doula con experiencia. Facilitadora de Disciplina Positiva. Gestalt en la Infancia y en la Adolescencia. Feliz de poder hacer realidad una educaci\u00f3n Montessori para su comunidad. Cuida de que a su alrededor todos est\u00e9n bien y felices y que el colegio cumpla su misi\u00f3n principal de \u201cGrowing Place\u201d, un lugar de crecimiento para toda la familia. \u00a0<\/span><\/div>\n<\/div>\n<\/div>\n<\/div>\n<\/blockquote>\n<p><br class=\"\" \/><\/p>\n<blockquote class=\"\">\n<div class=\"\">\n<div class=\"\">\n<div class=\"\">\n<div class=\"\"><span class=\"\" style=\"color: #000000;\">Invitados:\u00a0<\/span><\/div>\n<\/div>\n<\/div>\n<\/div>\n<\/blockquote>\n<blockquote class=\"\">\n<div class=\"\">\n<div class=\"\">\n<div class=\"\">\n<div class=\"\">\n<div class=\"\">\n<div class=\"\"><span class=\"\" style=\"color: #000000;\">Fisioterapeutas, Osteopatas, Matronas.\u00a0<\/span><\/div>\n<\/div>\n<\/div>\n<\/div>\n<\/div>\n<\/div>\n<\/blockquote>\n<\/div>\n<\/div>\n<\/div>\n<\/div>\n","protected":false},"excerpt":{"rendered":"<p>EL ENFOQUE DE MONTESSORI PARA PADRES: Parents to be\u00a0 Es un espacio de encuentro y reflexi\u00f3n de padres y madres en el que reflexionar acerca del proceso de la maternidad. Es una oportunidad de crecimiento desde al etapa gestacional que permitir\u00e1 crear una base profunda a los padres para acompa\u00f1ar a sus hijos. Una oportunidad [&hellip;]<\/p>\n","protected":false},"featured_media":4699,"comment_status":"open","ping_status":"closed","template":"","meta":[],"product_cat":[38],"product_tag":[],"class_list":["post-3954","product","type-product","status-publish","has-post-thumbnail","hentry","product_cat-cursos-para-padres-es"],"_links":{"self":[{"href":"https:\/\/montessorischoolalmeria.es\/es\/wp-json\/wp\/v3\/product\/3954","targetHints":{"allow":["GET"]}}],"collection":[{"href":"https:\/\/montessorischoolalmeria.es\/es\/wp-json\/wp\/v3\/product"}],"about":[{"href":"https:\/\/montessorischoolalmeria.es\/es\/wp-json\/wp\/v2\/types\/product"}],"replies":[{"embeddable":true,"href":"https:\/\/montessorischoolalmeria.es\/es\/wp-json\/wp\/v2\/comments?post=3954"}],"wp:featuredmedia":[{"embeddable":true,"href":"https:\/\/montessorischoolalmeria.es\/es\/wp-json\/wp\/v2\/media\/4699"}],"wp:attachment":[{"href":"https:\/\/montessorischoolalmeria.es\/es\/wp-json\/wp\/v2\/media?parent=3954"}],"wp:term":[{"taxonomy":"product_cat","embeddable":true,"href":"https:\/\/montessorischoolalmeria.es\/es\/wp-json\/wp\/v2\/product_cat?post=3954"},{"taxonomy":"product_tag","embeddable":true,"href":"https:\/\/montessorischoolalmeria.es\/es\/wp-json\/wp\/v2\/product_tag?post=3954"}],"curies":[{"name":"wp","href":"https:\/\/api.w.org\/{rel}","templated":true}]}}