{"id":3969,"date":"2021-05-03T07:48:55","date_gmt":"2021-05-03T07:48:55","guid":{"rendered":"https:\/\/montessori.iobmarketing.com\/producto\/clases-de-arte\/"},"modified":"2021-07-19T07:23:17","modified_gmt":"2021-07-19T07:23:17","slug":"clases-de-arte","status":"publish","type":"product","link":"https:\/\/montessorischoolalmeria.es\/es\/producto\/clases-de-arte\/","title":{"rendered":"Clases de arte"},"content":{"rendered":"<div class=\"\">Ofrecemos un enfoque \u00fanico para la educaci\u00f3n art\u00edstica. Nos hemos ganado la reputaci\u00f3n de ense\u00f1ar habilidades t\u00e9cnicas, alentar y posibilitar la visi\u00f3n creativa y apoyar a todos los que se unen a nuestra vibrante y acogedora comunidad. Ofrecemos clases de arte de la mejor calidad para apoyar su desarrollo.<\/div>\n<div class=\"\"><\/div>\n<div class=\"\">Creemos que la mejor manera de aprender es con expertos, por lo que nuestras clases son impartidas por artistas practicantes altamente calificados, incluidos ganadores de premios, miembros de organizaciones de arte l\u00edderes y artistas con trabajo en colecciones nacionales. Adem\u00e1s, mantenemos el tama\u00f1o de nuestras clases peque\u00f1o, para que todos tengan una experiencia pr\u00e1ctica.<\/div>\n","protected":false},"excerpt":{"rendered":"<p>Ofrecemos un enfoque \u00fanico para la educaci\u00f3n art\u00edstica. Nos hemos ganado la reputaci\u00f3n de ense\u00f1ar habilidades t\u00e9cnicas, alentar y posibilitar la visi\u00f3n creativa y apoyar a todos los que se unen a nuestra vibrante y acogedora comunidad. Ofrecemos clases de arte de la mejor calidad para apoyar su desarrollo. Creemos que la mejor manera de [&hellip;]<\/p>\n","protected":false},"featured_media":4638,"comment_status":"open","ping_status":"closed","template":"","meta":[],"product_cat":[40],"product_tag":[],"class_list":["post-3969","product","type-product","status-publish","has-post-thumbnail","hentry","product_cat-actividades-extracurriculares-es"],"_links":{"self":[{"href":"https:\/\/montessorischoolalmeria.es\/es\/wp-json\/wp\/v3\/product\/3969","targetHints":{"allow":["GET"]}}],"collection":[{"href":"https:\/\/montessorischoolalmeria.es\/es\/wp-json\/wp\/v3\/product"}],"about":[{"href":"https:\/\/montessorischoolalmeria.es\/es\/wp-json\/wp\/v2\/types\/product"}],"replies":[{"embeddable":true,"href":"https:\/\/montessorischoolalmeria.es\/es\/wp-json\/wp\/v2\/comments?post=3969"}],"wp:featuredmedia":[{"embeddable":true,"href":"https:\/\/montessorischoolalmeria.es\/es\/wp-json\/wp\/v2\/media\/4638"}],"wp:attachment":[{"href":"https:\/\/montessorischoolalmeria.es\/es\/wp-json\/wp\/v2\/media?parent=3969"}],"wp:term":[{"taxonomy":"product_cat","embeddable":true,"href":"https:\/\/montessorischoolalmeria.es\/es\/wp-json\/wp\/v2\/product_cat?post=3969"},{"taxonomy":"product_tag","embeddable":true,"href":"https:\/\/montessorischoolalmeria.es\/es\/wp-json\/wp\/v2\/product_tag?post=3969"}],"curies":[{"name":"wp","href":"https:\/\/api.w.org\/{rel}","templated":true}]}}