{"id":3975,"date":"2021-05-03T07:47:38","date_gmt":"2021-05-03T07:47:38","guid":{"rendered":"https:\/\/montessori.iobmarketing.com\/producto\/tenis-club-y-multideportes\/"},"modified":"2021-07-22T08:59:57","modified_gmt":"2021-07-22T08:59:57","slug":"tenis-club-y-multideportes","status":"publish","type":"product","link":"https:\/\/montessorischoolalmeria.es\/es\/producto\/tenis-club-y-multideportes\/","title":{"rendered":"CLUB DE TENIS Y MULTIDEPORTES"},"content":{"rendered":"<div class=\"\">Bienvenido a Montessori Multi Sports\u00a0 y al Montessori Tennis Club<\/div>\n<div class=\"\"><\/div>\n<div class=\"\">Instalaciones multideportivas\u00a0 que abarca tenis, f\u00fatbol, baloncesto, y Voleibol.<\/div>\n<div class=\"\"><\/div>\n<div class=\"\">Este es un enfoque moderno para el entrenamiento de tenis y multideportes. Piense en sesiones din\u00e1micas para todos los niveles.<\/div>\n<div class=\"\"><\/div>\n<div class=\"\">Adem\u00e1s de aprender a jugar y disfrutar de una amplia variedad de deportes, el elemento de formaci\u00f3n de equipos y desarrollo personal del programa les ense\u00f1a a los ni\u00f1os a pensar, resolver problemas y adaptarse para crear el mejor ambiente para ellos mismos para que cualquier tarea que realicen pueda ser un proceso de aprendizaje agradable y que resulte en \u00e9xito y felicidad.<\/div>\n<div class=\"\"><\/div>\n<div class=\"\">En un ambiente divertido, seguro y profesional, adem\u00e1s de estar m\u00e1s en forma y m\u00e1s fuertes, nuestros hijos prosperan y se convierten en j\u00f3venes empoderados que saben lo integrales que son en el proceso de la vida y est\u00e1n ansiosos por expandirse; tienen sed de aprender y explorar cada vez m\u00e1s; en \u00faltima instancia, descubren que pueden enriquecer la vida misma porque han aprendido a agregar su propio valor y color vibrante al mundo en el que viven.<\/div>\n<div class=\"\"><\/div>\n<div class=\"\">Queremos animar a los ni\u00f1os a que jueguen durante toda su vida y que tambi\u00e9n sean activos. Entonces, si su hijo tiene entre 4 y 11 a\u00f1os, \u00bfpor qu\u00e9 no intentarlo?<\/div>\n","protected":false},"excerpt":{"rendered":"<p>Bienvenido a Montessori Multi Sports\u00a0 y al Montessori Tennis Club Instalaciones multideportivas\u00a0 que abarca tenis, f\u00fatbol, baloncesto, y Voleibol. Este es un enfoque moderno para el entrenamiento de tenis y multideportes. Piense en sesiones din\u00e1micas para todos los niveles. Adem\u00e1s de aprender a jugar y disfrutar de una amplia variedad de deportes, el elemento de [&hellip;]<\/p>\n","protected":false},"featured_media":3976,"comment_status":"open","ping_status":"closed","template":"","meta":[],"product_cat":[40],"product_tag":[],"class_list":["post-3975","product","type-product","status-publish","has-post-thumbnail","hentry","product_cat-actividades-extracurriculares-es"],"_links":{"self":[{"href":"https:\/\/montessorischoolalmeria.es\/es\/wp-json\/wp\/v3\/product\/3975","targetHints":{"allow":["GET"]}}],"collection":[{"href":"https:\/\/montessorischoolalmeria.es\/es\/wp-json\/wp\/v3\/product"}],"about":[{"href":"https:\/\/montessorischoolalmeria.es\/es\/wp-json\/wp\/v2\/types\/product"}],"replies":[{"embeddable":true,"href":"https:\/\/montessorischoolalmeria.es\/es\/wp-json\/wp\/v2\/comments?post=3975"}],"wp:featuredmedia":[{"embeddable":true,"href":"https:\/\/montessorischoolalmeria.es\/es\/wp-json\/wp\/v2\/media\/3976"}],"wp:attachment":[{"href":"https:\/\/montessorischoolalmeria.es\/es\/wp-json\/wp\/v2\/media?parent=3975"}],"wp:term":[{"taxonomy":"product_cat","embeddable":true,"href":"https:\/\/montessorischoolalmeria.es\/es\/wp-json\/wp\/v2\/product_cat?post=3975"},{"taxonomy":"product_tag","embeddable":true,"href":"https:\/\/montessorischoolalmeria.es\/es\/wp-json\/wp\/v2\/product_tag?post=3975"}],"curies":[{"name":"wp","href":"https:\/\/api.w.org\/{rel}","templated":true}]}}