{"id":3981,"date":"2021-05-03T07:46:19","date_gmt":"2021-05-03T07:46:19","guid":{"rendered":"https:\/\/montessori.iobmarketing.com\/producto\/criquet-and-sports-club\/"},"modified":"2021-07-19T07:32:12","modified_gmt":"2021-07-19T07:32:12","slug":"criquet-and-sports-club","status":"publish","type":"product","link":"https:\/\/montessorischoolalmeria.es\/es\/producto\/criquet-and-sports-club\/","title":{"rendered":"CLUB DE CRIQUET Y DEPORTES"},"content":{"rendered":"<p class=\"\">Bienvenido a Montessori Cricket: el hogar del entrenamiento de cr\u00edquet para ni\u00f1os y ni\u00f1as. Impartido por profesor nativo brit\u00e1nico cualificado.<\/p>\n<p class=\"\">Sembrando las semillas de una pasi\u00f3n de por vida por el cr\u00edquet y el deporte de equipo en los ni\u00f1os.<\/p>\n<p class=\"\">Montessori Criquet es m\u00e1s que aprender a batear, jugar a los bolos y al campo. El Cricket es impartido por entrenadores entusiastas y calificados; enfoc\u00e1ndose en los \u201cFundamentos del Movimiento\u201d para desarrollar habilidades individuales, trabajo en equipo y juego limpio. \u00a1Los ni\u00f1os est\u00e1n adquiriendo habilidades esenciales para la vida mientras se divierten y reciben entrenamiento de cricket de primera clase!<\/p>\n","protected":false},"excerpt":{"rendered":"<p>Bienvenido a Montessori Cricket: el hogar del entrenamiento de cr\u00edquet para ni\u00f1os y ni\u00f1as. Impartido por profesor nativo brit\u00e1nico cualificado. Sembrando las semillas de una pasi\u00f3n de por vida por el cr\u00edquet y el deporte de equipo en los ni\u00f1os. Montessori Criquet es m\u00e1s que aprender a batear, jugar a los bolos y al campo. [&hellip;]<\/p>\n","protected":false},"featured_media":4640,"comment_status":"open","ping_status":"closed","template":"","meta":[],"product_cat":[40],"product_tag":[],"class_list":["post-3981","product","type-product","status-publish","has-post-thumbnail","hentry","product_cat-actividades-extracurriculares-es"],"_links":{"self":[{"href":"https:\/\/montessorischoolalmeria.es\/es\/wp-json\/wp\/v3\/product\/3981","targetHints":{"allow":["GET"]}}],"collection":[{"href":"https:\/\/montessorischoolalmeria.es\/es\/wp-json\/wp\/v3\/product"}],"about":[{"href":"https:\/\/montessorischoolalmeria.es\/es\/wp-json\/wp\/v2\/types\/product"}],"replies":[{"embeddable":true,"href":"https:\/\/montessorischoolalmeria.es\/es\/wp-json\/wp\/v2\/comments?post=3981"}],"wp:featuredmedia":[{"embeddable":true,"href":"https:\/\/montessorischoolalmeria.es\/es\/wp-json\/wp\/v2\/media\/4640"}],"wp:attachment":[{"href":"https:\/\/montessorischoolalmeria.es\/es\/wp-json\/wp\/v2\/media?parent=3981"}],"wp:term":[{"taxonomy":"product_cat","embeddable":true,"href":"https:\/\/montessorischoolalmeria.es\/es\/wp-json\/wp\/v2\/product_cat?post=3981"},{"taxonomy":"product_tag","embeddable":true,"href":"https:\/\/montessorischoolalmeria.es\/es\/wp-json\/wp\/v2\/product_tag?post=3981"}],"curies":[{"name":"wp","href":"https:\/\/api.w.org\/{rel}","templated":true}]}}