{"id":3989,"date":"2021-05-03T07:21:35","date_gmt":"2021-05-03T07:21:35","guid":{"rendered":"https:\/\/montessori.iobmarketing.com\/producto\/refuerzo-escolar-primaria-primary-montessori-impartido-por-guia-ami-6-12\/"},"modified":"2021-08-02T07:23:53","modified_gmt":"2021-08-02T07:23:53","slug":"refuerzo-escolar-primaria-primary-montessori-impartido-por-guia-ami-6-12","status":"publish","type":"product","link":"https:\/\/montessorischoolalmeria.es\/es\/producto\/refuerzo-escolar-primaria-primary-montessori-impartido-por-guia-ami-6-12\/","title":{"rendered":"REFUERZO DE ESCUELA PRIMARIA- MONTESSORI PRIMARIA (Impartido por Guia AMI 6-12)"},"content":{"rendered":"<div class=\"\">RECOMENDAMOS:ACTIVIDAD \u00daNICA EN ALMERIA<\/div>\n<div class=\"\"><\/div>\n<div class=\"\">\u00bfTe interesa el M\u00e9todo Montessori? \u00bfQuieres poder ofrecerle a tus hijos\/as la oportunidad de estar en un ambiente montessori con una gu\u00eda montessori AMI?<\/div>\n<div class=\"\"><\/div>\n<div class=\"\">Te ofrecemos la oportunidad de que puedan disfrutar de los beneficios del m\u00e9todo.<\/div>\n<div class=\"\"><\/div>\n<div class=\"\">Con grupos de 10 ni\u00f1os m\u00e1ximo por adulto. Tu hijo\/a trabajar\u00e1 con los materiales montessori de las diferentes \u00e1reas de conocimiento.<\/div>\n<div class=\"\"><\/div>\n<div class=\"\">Podemos reforzar cualquier contenido necesario y apoyar en su labor educativa en la escuela para generar autoconfianza, inter\u00e9s y motivaci\u00f3n genuinas.<\/div>\n<div class=\"\"><\/div>\n<div class=\"\">Puedes darles a tus hijos\/as un regalo para toda la vida.<\/div>\n<div class=\"\"><\/div>\n<div class=\"\">Informamos a los padres por medio de un seguimiento con fotos y comentarios.<\/div>\n<div class=\"\"><\/div>\n<div class=\"\">Pueden elegir venir un d\u00eda o dos a la semana. Una gran oportunidad. Plazas limitadas.<\/div>\n","protected":false},"excerpt":{"rendered":"<p>RECOMENDAMOS:ACTIVIDAD \u00daNICA EN ALMERIA \u00bfTe interesa el M\u00e9todo Montessori? \u00bfQuieres poder ofrecerle a tus hijos\/as la oportunidad de estar en un ambiente montessori con una gu\u00eda montessori AMI? Te ofrecemos la oportunidad de que puedan disfrutar de los beneficios del m\u00e9todo. Con grupos de 10 ni\u00f1os m\u00e1ximo por adulto. Tu hijo\/a trabajar\u00e1 con los materiales [&hellip;]<\/p>\n","protected":false},"featured_media":3990,"comment_status":"open","ping_status":"closed","template":"","meta":[],"product_cat":[41],"product_tag":[],"class_list":["post-3989","product","type-product","status-publish","has-post-thumbnail","hentry","product_cat-refuerzo-escolar-montessori-es"],"_links":{"self":[{"href":"https:\/\/montessorischoolalmeria.es\/es\/wp-json\/wp\/v3\/product\/3989","targetHints":{"allow":["GET"]}}],"collection":[{"href":"https:\/\/montessorischoolalmeria.es\/es\/wp-json\/wp\/v3\/product"}],"about":[{"href":"https:\/\/montessorischoolalmeria.es\/es\/wp-json\/wp\/v2\/types\/product"}],"replies":[{"embeddable":true,"href":"https:\/\/montessorischoolalmeria.es\/es\/wp-json\/wp\/v2\/comments?post=3989"}],"wp:featuredmedia":[{"embeddable":true,"href":"https:\/\/montessorischoolalmeria.es\/es\/wp-json\/wp\/v2\/media\/3990"}],"wp:attachment":[{"href":"https:\/\/montessorischoolalmeria.es\/es\/wp-json\/wp\/v2\/media?parent=3989"}],"wp:term":[{"taxonomy":"product_cat","embeddable":true,"href":"https:\/\/montessorischoolalmeria.es\/es\/wp-json\/wp\/v2\/product_cat?post=3989"},{"taxonomy":"product_tag","embeddable":true,"href":"https:\/\/montessorischoolalmeria.es\/es\/wp-json\/wp\/v2\/product_tag?post=3989"}],"curies":[{"name":"wp","href":"https:\/\/api.w.org\/{rel}","templated":true}]}}